{"id":2914,"date":"2016-09-23T10:26:41","date_gmt":"2016-09-23T10:26:41","guid":{"rendered":"https:\/\/patrik-klima.com.al\/produkte\/"},"modified":"2025-01-07T14:29:53","modified_gmt":"2025-01-07T14:29:53","slug":"produkte","status":"publish","type":"page","link":"https:\/\/patrik-klima.com.al\/en\/produkte\/","title":{"rendered":"Products"},"content":{"rendered":"<div class=\"wpb-content-wrapper\"><p>[vc_row disable_element=&#8221;yes&#8221; css=&#8221;.vc_custom_1554506649847{margin-top: 30px !important;}&#8221;][vc_column css=&#8221;.vc_custom_1476866536021{padding-top: 38px !important;}&#8221;][vc_column_text]Patrik Klima &#8211; Kondicionere ne Shitje Tirane, Sisteme Ngrohje-Ftohje, Aspirator\u00eb Tirane, Aksesor\u00eb Aspirimi, Radiator\u00eb Elektrik\u00eb ne shitje[\/vc_column_text][\/vc_column][\/vc_row][vc_row css_animation=&#8221;fadeInUpBig&#8221; el_id=&#8221;services&#8221;][vc_column css=&#8221;.vc_custom_1461592716078{margin-bottom: 0px !important;}&#8221;][vc_custom_heading text=&#8221;<b>Products<\/b>&#8221; font_container=&#8221;tag:h3|text_align:center&#8221; use_theme_fonts=&#8221;yes&#8221; css=&#8221;.vc_custom_1554799277303{margin-top: 30px !important;margin-bottom: 11px !important;}&#8221; link=&#8221;url:https%3A%2F%2Fpatrik-klima.com.al%2Fen%2Fprodukte%2F|title:Produkte||&#8221;][vc_empty_space height=&#8221;20px&#8221;][\/vc_column][\/vc_row][vc_row css_animation=&#8221;fadeInUpBig&#8221;][vc_column width=&#8221;1\/3&#8243;][vc_single_image image=&#8221;2793&#8243; img_size=&#8221;full&#8221; alignment=&#8221;center&#8221; style=&#8221;vc_box_rounded&#8221; onclick=&#8221;custom_link&#8221; css_animation=&#8221;none&#8221; link=&#8221;https:\/\/patrik-klima.com.al\/en\/produkte\/kondicionimi\/&#8221;][vc_custom_heading text=&#8221;<b>Conditioning<\/b>&#8221; font_container=&#8221;tag:h3|text_align:center&#8221; use_theme_fonts=&#8221;yes&#8221; css=&#8221;.vc_custom_1554799263312{margin-bottom: 18px !important;}&#8221; link=&#8221;url:https%3A%2F%2Fpatrik-klima.com.al%2Fen%2Fprodukte%2Fkondicionimi%2F|title:Produkte||&#8221;][\/vc_column][vc_column width=&#8221;1\/3&#8243;][vc_single_image image=&#8221;2866&#8243; img_size=&#8221;800&#215;458&#8243; alignment=&#8221;center&#8221; style=&#8221;vc_box_rounded&#8221; onclick=&#8221;custom_link&#8221; css_animation=&#8221;none&#8221; link=&#8221;https:\/\/patrik-klima.com.al\/en\/produkte\/ngrohje\/&#8221;][vc_custom_heading text=&#8221;<b>Heating<\/b>&#8221; font_container=&#8221;tag:h3|text_align:center&#8221; use_theme_fonts=&#8221;yes&#8221; css=&#8221;.vc_custom_1554799303718{margin-bottom: 18px !important;}&#8221; link=&#8221;url:https%3A%2F%2Fpatrik-klima.com.al%2Fen%2Fprodukte%2Fngrohje%2F|title:Produkte||&#8221;][\/vc_column][vc_column width=&#8221;1\/3&#8243;][vc_single_image image=&#8221;2769&#8243; img_size=&#8221;full&#8221; alignment=&#8221;center&#8221; style=&#8221;vc_box_rounded&#8221; onclick=&#8221;custom_link&#8221; css_animation=&#8221;none&#8221; link=&#8221;https:\/\/patrik-klima.com.al\/en\/sherbime\/&#8221;][vc_custom_heading text=&#8221;<b>Services<\/b>&#8221; font_container=&#8221;tag:h3|text_align:center&#8221; use_theme_fonts=&#8221;yes&#8221; css=&#8221;.vc_custom_1554799350871{margin-bottom: 18px !important;}&#8221; link=&#8221;url:https%3A%2F%2Fpatrik-klima.com.al%2Fen%2Fsherbime%2F|title:Produkte||&#8221;][\/vc_column][\/vc_row][vc_row disable_element=&#8221;yes&#8221; css=&#8221;.vc_custom_1554506649847{margin-top: 30px !important;}&#8221;][vc_column css=&#8221;.vc_custom_1476866536021{padding-top: 38px !important;}&#8221;][vc_column_text]<\/p>\n<h2>Patrik Klima &#8211; Kondicionere ne Shitje Tirane, Sisteme Ngrohje-Ftohje, Aspirator\u00eb Tirane, Aksesor\u00eb Aspirimi, Radiator\u00eb Elektrik\u00eb ne shitje<\/h2>\n<p>[\/vc_column_text][\/vc_column][\/vc_row]<\/p>\n<\/div>","protected":false},"excerpt":{"rendered":"<p>[vc_row disable_element=&#8221;yes&#8221; css=&#8221;.vc_custom_1554506649847{margin-top: 30px !important;}&#8221;][vc_column css=&#8221;.vc_custom_1476866536021{padding-top: 38px !important;}&#8221;][vc_column_text]Patrik Klima &#8211; Kondicionere ne Shitje Tirane, Sisteme Ngrohje-Ftohje, Aspirator\u00eb Tirane, Aksesor\u00eb Aspirimi,&nbsp;<a href=\"https:\/\/patrik-klima.com.al\/en\/produkte\/\">[&hellip;]<\/a><\/p>\n","protected":false},"author":1,"featured_media":0,"parent":0,"menu_order":0,"comment_status":"closed","ping_status":"closed","template":"template-fullwidth.php","meta":{"footnotes":""},"yst_prominent_words":[60,58,61,63,51,64,52,65,53,69,57,62,50,66,54,68,56,59,67,55],"class_list":["post-2914","page","type-page","status-publish","hentry"],"_links":{"self":[{"href":"https:\/\/patrik-klima.com.al\/en\/wp-json\/wp\/v2\/pages\/2914"}],"collection":[{"href":"https:\/\/patrik-klima.com.al\/en\/wp-json\/wp\/v2\/pages"}],"about":[{"href":"https:\/\/patrik-klima.com.al\/en\/wp-json\/wp\/v2\/types\/page"}],"author":[{"embeddable":true,"href":"https:\/\/patrik-klima.com.al\/en\/wp-json\/wp\/v2\/users\/1"}],"replies":[{"embeddable":true,"href":"https:\/\/patrik-klima.com.al\/en\/wp-json\/wp\/v2\/comments?post=2914"}],"version-history":[{"count":11,"href":"https:\/\/patrik-klima.com.al\/en\/wp-json\/wp\/v2\/pages\/2914\/revisions"}],"predecessor-version":[{"id":3465,"href":"https:\/\/patrik-klima.com.al\/en\/wp-json\/wp\/v2\/pages\/2914\/revisions\/3465"}],"wp:attachment":[{"href":"https:\/\/patrik-klima.com.al\/en\/wp-json\/wp\/v2\/media?parent=2914"}],"wp:term":[{"taxonomy":"yst_prominent_words","embeddable":true,"href":"https:\/\/patrik-klima.com.al\/en\/wp-json\/wp\/v2\/yst_prominent_words?post=2914"}],"curies":[{"name":"wp","href":"https:\/\/api.w.org\/{rel}","templated":true}]}}